{"id":37,"date":"2026-04-15T16:42:38","date_gmt":"2026-04-15T16:42:38","guid":{"rendered":"http:\/\/tripler.fr\/?page_id=37"},"modified":"2026-04-15T17:50:04","modified_gmt":"2026-04-15T17:50:04","slug":"foire-aux-questions","status":"publish","type":"page","link":"https:\/\/tripler.fr\/index.php\/foire-aux-questions\/","title":{"rendered":"Foire aux questions"},"content":{"rendered":"\n<div class=\"wp-block-group alignfull has-base-2-color has-accent-4-background-color has-text-color has-background has-link-color wp-elements-8ea47590336b20d755bbdb1a8a44a4a4 has-global-padding is-layout-constrained wp-container-core-group-is-layout-669513ed wp-block-group-is-layout-constrained\" style=\"margin-top:0;margin-bottom:0;padding-top:var(--wp--preset--spacing--50);padding-right:var(--wp--preset--spacing--50);padding-bottom:var(--wp--preset--spacing--50);padding-left:var(--wp--preset--spacing--50)\">\n<div class=\"wp-block-columns alignwide is-layout-flex wp-container-core-columns-is-layout-1da03c2a wp-block-columns-is-layout-flex\">\n<div class=\"wp-block-column is-vertically-aligned-stretch is-layout-flow wp-block-column-is-layout-flow\" style=\"flex-basis:50%\">\n<div class=\"wp-block-group is-vertical is-content-justification-stretch is-layout-flex wp-container-core-group-is-layout-444d5ee8 wp-block-group-is-layout-flex\" style=\"min-height:100%\">\n<p class=\"has-heading-font-family has-x-large-font-size\" style=\"line-height:1.2\">Ce nouveau mouvement peut vous surprendre, vous questionner, vous inqui\u00e9ter ?<\/p>\n\n\n\n<p class=\"has-heading-font-family has-x-large-font-size\" style=\"line-height:1.2\">Vos questions sont l\u00e9gitimes, nous avons la page qui r\u00e9pondra \u00e0 vos questions.<\/p>\n\n\n\n<div class=\"wp-block-group has-global-padding is-content-justification-left is-layout-constrained wp-container-core-group-is-layout-9fe8ed88 wp-block-group-is-layout-constrained\">\n<p class=\"wp-container-content-0733e5d0\">Laissez-nous vous donner envie.<\/p>\n\n\n\n<div class=\"wp-block-buttons is-layout-flex wp-block-buttons-is-layout-flex\">\n<div class=\"wp-block-button\"><a class=\"wp-block-button__link wp-element-button\">Rejoignez-nous<\/a><\/div>\n<\/div>\n<\/div>\n<\/div>\n<\/div>\n\n\n\n<div class=\"wp-block-column is-vertically-aligned-center is-layout-flow wp-block-column-is-layout-flow\" style=\"flex-basis:50%\">\n<figure class=\"wp-block-image size-large is-style-rounded is-style-rounded--1\"><img loading=\"lazy\" decoding=\"async\" width=\"819\" height=\"1024\" src=\"http:\/\/tripler.fr\/wp-content\/uploads\/2026\/04\/IMG_20220514_224522_348-819x1024.jpg\" alt=\"\" class=\"wp-image-38\" style=\"aspect-ratio:3\/4;object-fit:cover\" srcset=\"https:\/\/tripler.fr\/wp-content\/uploads\/2026\/04\/IMG_20220514_224522_348-819x1024.jpg 819w, https:\/\/tripler.fr\/wp-content\/uploads\/2026\/04\/IMG_20220514_224522_348-240x300.jpg 240w, https:\/\/tripler.fr\/wp-content\/uploads\/2026\/04\/IMG_20220514_224522_348-768x960.jpg 768w, https:\/\/tripler.fr\/wp-content\/uploads\/2026\/04\/IMG_20220514_224522_348-1229x1536.jpg 1229w, https:\/\/tripler.fr\/wp-content\/uploads\/2026\/04\/IMG_20220514_224522_348-1638x2048.jpg 1638w, https:\/\/tripler.fr\/wp-content\/uploads\/2026\/04\/IMG_20220514_224522_348.jpg 1816w\" sizes=\"auto, (max-width: 819px) 100vw, 819px\" \/><\/figure>\n<\/div>\n<\/div>\n<\/div>\n\n\n\n<div class=\"wp-block-group alignfull has-base-background-color has-background has-global-padding is-layout-constrained wp-container-core-group-is-layout-d89aad35 wp-block-group-is-layout-constrained\" style=\"margin-top:0;margin-bottom:0;padding-top:var(--wp--preset--spacing--50);padding-right:var(--wp--preset--spacing--50);padding-bottom:var(--wp--preset--spacing--50);padding-left:var(--wp--preset--spacing--50)\">\n<div class=\"wp-block-columns alignwide is-layout-flex wp-container-core-columns-is-layout-549b0c86 wp-block-columns-is-layout-flex\">\n<div class=\"wp-block-column has-global-padding is-content-justification-left is-layout-constrained wp-container-core-column-is-layout-4f15e8fe wp-block-column-is-layout-constrained\" style=\"flex-basis:40%\">\n<p><strong>Le Mouvement Triple R<\/strong><\/p>\n\n\n\n<p><strong>R<\/strong>\u00e9unis, nous pourrons <strong>R<\/strong>econstruire pour y <strong>R<\/strong>evivre.<\/p>\n<\/div>\n\n\n\n<div class=\"wp-block-column is-layout-flow wp-container-core-column-is-layout-119bc444 wp-block-column-is-layout-flow\" style=\"flex-basis:60%\">\n<p class=\"has-body-font-family has-x-large-font-size\" style=\"line-height:1.2\">Le <strong>Mouvement <em>Triple R<\/em><\/strong> est plus clairement un nouveau parti politique voulant r\u00e9unir tous les fran\u00e7ais dont ceux qui ne se retrouvent pas assez ou pas du tout repr\u00e9sent\u00e9s correctement par les partis politiques en place et qui veulent retrouver une voix pour un \u00e9quilibre dans notre pays.<\/p>\n<\/div>\n<\/div>\n<\/div>\n\n\n\n<div class=\"wp-block-group alignfull has-base-2-color has-accent-4-background-color has-text-color has-background has-link-color wp-elements-5f8923e5b0d21e72c22864a9c00224f8 has-global-padding is-layout-constrained wp-container-core-group-is-layout-d89aad35 wp-block-group-is-layout-constrained\" style=\"margin-top:0;margin-bottom:0;padding-top:var(--wp--preset--spacing--50);padding-right:var(--wp--preset--spacing--50);padding-bottom:var(--wp--preset--spacing--50);padding-left:var(--wp--preset--spacing--50)\">\n<h2 class=\"wp-block-heading alignwide has-base-color has-text-color has-link-color wp-elements-961120e30645e03a629938c532f241fe\" style=\"font-size:clamp(4.509rem, 4.509rem + ((1vw - 0.2rem) * 9.152), 10rem);letter-spacing:-0.02em\">FAQ<\/h2>\n\n\n\n<div class=\"wp-block-group alignwide is-layout-flow wp-block-group-is-layout-flow\">\n<hr class=\"wp-block-separator has-text-color has-base-color has-alpha-channel-opacity has-base-background-color has-background is-style-wide\" style=\"margin-top:var(--wp--preset--spacing--30);margin-bottom:var(--wp--preset--spacing--30)\"\/>\n\n\n\n<h3 class=\"wp-block-heading alignwide has-base-2-color has-text-color has-link-color wp-elements-7544d255c3aa302a7bb2017622fc97e0\">Qu&rsquo;attendre de nous ? Qu&rsquo;attendre du Mouvement Triple R ?<\/h3>\n\n\n\n<p class=\"has-contrast-1-color has-text-color has-link-color wp-elements-daa3a6eed15e96de239c2e14fb3de85b\">Je suis le premier \u00e0 ne pas me retrouver repr\u00e9senter dans ce cirque politique o\u00f9 le futur, le bien \u00eatre, les droits des fran\u00e7ais et les devoirs de nos politiciens envers nous sont pi\u00e9tiner au pr\u00e9texte de promouvoir leurs id\u00e9ologies qui s\u2019\u00e9loignent de nos besoins. Ils s&rsquo;en servent pour se mettre en avant comme notre d\u00e9fenseur alors que les votes de leurs partis nous enfoncent plus que nous sortent de l&rsquo;eau.<br>C&rsquo;est par ce constat \u00e9vident, ne trouvant pas de repr\u00e9sentant qui sache voir les avantages de chaque fran\u00e7ais, utiliser ces avantages pour redresser notre pays comme il se doit et mettre nos besoins avant les leurs que j&rsquo;ai d\u00e9cider de m&rsquo;engager.<br>Je me sens coinc\u00e9 \u00e0 ne pas voir d\u2019\u00e9chappatoire \u00e0 ce destin funeste. Comme on le dit parfois : \u00ab\u00a0Si vous ne trouvez pas le produit qu&rsquo;il vous faut, fabriquez le\u00a0\u00bb.<\/p>\n\n\n\n<p>C&rsquo;est pour cela que j&rsquo;ai d\u00e9cider d&rsquo;agir et de vous repr\u00e9senter. Pour ceux qui ont les m\u00eame sensations que moi, qui se sentent mis de c\u00f4t\u00e9, incompris, ceux qui voient que rien ne bouge positivement pour eux, ceux qui voient des politiciens utiliser un sujet \u00e0 leur avantages quand la priorit\u00e9 n&rsquo;est pas l\u00e0 et ne sera pas r\u00e9gl\u00e9 en se focalisant sur un point qui n&rsquo;a rien \u00e0 voir avec nos probl\u00e8mes.<br>En bref, il serait temps d&rsquo;\u00e9lire un fran\u00e7ais pour les fran\u00e7ais. un de ceux qui vivent parmi les fran\u00e7ais et pas au dessus des fran\u00e7ais. Un qui \u00e9coute les fran\u00e7ais pour am\u00e9liorer leurs cadres de vie autant que possible.<\/p>\n\n\n\n<p>Pour cela que je me pr\u00e9sente aupr\u00e8s de vous pour \u00eatre cette personne pendant au moins cinq ans et faire au mieux pour avoir un \u00e9quilibre pour chacun de nous et stopper les abus, de quel cot\u00e9 que ce soit.<\/p>\n\n\n\n<hr class=\"wp-block-separator has-text-color has-base-color has-alpha-channel-opacity has-base-background-color has-background is-style-wide\" style=\"margin-top:var(--wp--preset--spacing--30);margin-bottom:var(--wp--preset--spacing--30)\"\/>\n\n\n\n<h3 class=\"wp-block-heading alignwide has-base-2-color has-text-color has-link-color wp-elements-c12aea0b1f4926718ac7c4804686c10f\">Pourquoi \u00ab\u00a0Mouvement Triple R\u00a0\u00bb ?<\/h3>\n\n\n\n<p class=\"has-contrast-1-color has-text-color has-link-color wp-elements-26026310b8dc33767d5a543df88a6a5e\">Ces trois \u00ab\u00a0R\u00a0\u00bb signifient les trois mots qui seront notre devise : <br><strong>. R\u00e9unir <\/strong>autant de fran\u00e7ais dans notre voyage vers l\u2019\u00c9lys\u00e9e, car il est bien connu que plus nous sommes de fous, plus on rit. Notre but n&rsquo;est pas de privil\u00e9gier un groupe, mais d&rsquo;aider chaque fran\u00e7ais \u00e0 vivre mieux<br><strong>. Reconstruire<\/strong> nos institutions d\u00e9truites par les chefs de gouvernements successifs et qui sont utiles \u00e0 chaque fran\u00e7ais. Reconstruire notre souverainet\u00e9 garantissant notre ind\u00e9pendance aupr\u00e8s de pays qui peuvent d\u00e9cider de notre libert\u00e9 ou bien aupr\u00e8s d&rsquo;entreprises qui peuvent faire des choix qui mettent en p\u00e9ril la souverainet\u00e9 de la France.<br><strong>. Revivre <\/strong>apr\u00e8s ces changements. Parce que cette bouff\u00e9e d&rsquo;air frais venant de la nouvelle redistribution de l&rsquo;argent des imp\u00f4ts dans les minist\u00e8res utiles aux fran\u00e7ais, dans la vie de tous les jours permettra \u00e0 chaque fran\u00e7ais de voir l&rsquo;horizon du futur beaucoup plus positivement qu&rsquo;aujourd&rsquo;hui.<\/p>\n\n\n\n<p>Et pour finir : \u00ab\u00a0<strong>Mouvement<\/strong>\u00ab\u00a0, parce que nous ne sommes pas un vieux parti politique qui se bat pour son id\u00e9ologie d\u00e9siquilibr\u00e9, mais un mouvement de foule pour remettre la France sur le devant de la sc\u00e8ne par ses choix positifs aupr\u00e8s de ses citoyens.<\/p>\n\n\n\n<hr class=\"wp-block-separator has-text-color has-base-color has-alpha-channel-opacity has-base-background-color has-background is-style-wide\" style=\"margin-top:var(--wp--preset--spacing--30);margin-bottom:var(--wp--preset--spacing--30)\"\/>\n\n\n\n<h3 class=\"wp-block-heading alignwide has-base-2-color has-text-color has-link-color wp-elements-e2e0f73c81e101dea28a7db079c26b37\">Pourquoi avoir choisi un \u00e9cureuil blancs et un pissenlit accol\u00e9 aux triples R, comme logo ?<\/h3>\n\n\n\n<p class=\"has-contrast-1-color has-text-color has-link-color wp-elements-7cf75949d882e9a2b8fa1d3d2a2f5bb3\">Ce sont deux symbole. Pour une nouvelle \u00e9mission de t\u00e9l\u00e9vision, par exemple, il y a toujours un parrain pour porter chance au nouveau cr\u00e9neau. Nous utilisons ces deux symboles pour nous porter chance, surtout lorsque l&rsquo;on sait leurs significations.<\/p>\n\n\n\n<p><strong>. L&rsquo;\u00e9cureuil blancs<\/strong>, vu comme une cr\u00e9ature mythologique, symbolise la n\u00e9cessit\u00e9 de se pr\u00e9parer au changement positif, \u00e0 la chance.<br><strong>. Le pissenlit<\/strong> signifie la gu\u00e9rison d&rsquo;une blessure \u00e9motionnelle, le bonheur durable, l&rsquo;intelligence, la chaleur et surtout la joie. Tout ce que veut apporter le <strong>Mouvement Triple R<\/strong>.<br>Ce sont toutes ces significations, via ce logo, qui sont le sel du <strong>Mouvement Triple R<\/strong>. En \u00e9tant derri\u00e8re nous, a vous battre aupr\u00e8s de nous pour \u00eatre \u00e0 la t\u00eate de l&rsquo;\u00e9tat, nous voulons que chacun de vous voient dans ces signes l&rsquo;avenir de la France, l&rsquo;avenir des fran\u00e7ais.<\/p>\n\n\n\n<hr class=\"wp-block-separator has-text-color has-base-color has-alpha-channel-opacity has-base-background-color has-background is-style-wide\" style=\"margin-top:var(--wp--preset--spacing--30);margin-bottom:var(--wp--preset--spacing--30)\"\/>\n\n\n\n<h3 class=\"wp-block-heading alignwide has-base-2-color has-text-color has-link-color wp-elements-0728a2456009476e1b28c56da9c7f074\">Est-ce que le vert de ce site est pour le cot\u00e9 \u00e9cologiste du Mouvement ?<\/h3>\n\n\n\n<p class=\"has-contrast-1-color has-text-color has-link-color wp-elements-02a1bab7065aaed79550b02d8d5a3b0d\">Ce choix se partage entre la pens\u00e9e \u00e9cologiste, bien sur, mais aussi car cette couleur est celle de l&rsquo;espoir, du renouveau et de l&rsquo;harmonie.<\/p>\n\n\n\n<div style=\"margin-top:var(--wp--preset--spacing--10);margin-bottom:0;height:var(--wp--preset--spacing--10)\" aria-hidden=\"true\" class=\"wp-block-spacer\"><\/div>\n<\/div>\n<\/div>\n","protected":false},"excerpt":{"rendered":"<p>Ce nouveau mouvement peut vous surprendre, vous questionner, vous inqui\u00e9ter ? Vos questions sont l\u00e9gitimes, nous avons la page qui r\u00e9pondra \u00e0 vos questions. Laissez-nous vous donner envie. Le Mouvement Triple R R\u00e9unis, nous pourrons Reconstruire pour y Revivre. Le Mouvement Triple R est plus clairement un nouveau parti politique voulant r\u00e9unir tous les fran\u00e7ais [&hellip;]<\/p>\n","protected":false},"author":1,"featured_media":0,"parent":0,"menu_order":0,"comment_status":"closed","ping_status":"closed","template":"","meta":{"footnotes":""},"class_list":["post-37","page","type-page","status-publish","hentry"],"_links":{"self":[{"href":"https:\/\/tripler.fr\/index.php\/wp-json\/wp\/v2\/pages\/37","targetHints":{"allow":["GET"]}}],"collection":[{"href":"https:\/\/tripler.fr\/index.php\/wp-json\/wp\/v2\/pages"}],"about":[{"href":"https:\/\/tripler.fr\/index.php\/wp-json\/wp\/v2\/types\/page"}],"author":[{"embeddable":true,"href":"https:\/\/tripler.fr\/index.php\/wp-json\/wp\/v2\/users\/1"}],"replies":[{"embeddable":true,"href":"https:\/\/tripler.fr\/index.php\/wp-json\/wp\/v2\/comments?post=37"}],"version-history":[{"count":5,"href":"https:\/\/tripler.fr\/index.php\/wp-json\/wp\/v2\/pages\/37\/revisions"}],"predecessor-version":[{"id":43,"href":"https:\/\/tripler.fr\/index.php\/wp-json\/wp\/v2\/pages\/37\/revisions\/43"}],"wp:attachment":[{"href":"https:\/\/tripler.fr\/index.php\/wp-json\/wp\/v2\/media?parent=37"}],"curies":[{"name":"wp","href":"https:\/\/api.w.org\/{rel}","templated":true}]}}