{"id":44,"date":"2026-04-15T21:35:57","date_gmt":"2026-04-15T21:35:57","guid":{"rendered":"http:\/\/tripler.fr\/?page_id=44"},"modified":"2026-04-15T22:25:41","modified_gmt":"2026-04-15T22:25:41","slug":"notre-programme","status":"publish","type":"page","link":"https:\/\/tripler.fr\/index.php\/notre-programme\/","title":{"rendered":"Notre programme"},"content":{"rendered":"\n<div class=\"wp-block-group alignfull has-base-2-color has-accent-4-background-color has-text-color has-background has-link-color wp-elements-2e25490b669197fadd9650f112a0d83a has-global-padding is-layout-constrained wp-container-core-group-is-layout-669513ed wp-block-group-is-layout-constrained\" style=\"margin-top:0;margin-bottom:0;padding-top:var(--wp--preset--spacing--50);padding-right:var(--wp--preset--spacing--50);padding-bottom:var(--wp--preset--spacing--50);padding-left:var(--wp--preset--spacing--50)\">\n<div class=\"wp-block-group is-vertical is-content-justification-center is-layout-flex wp-container-core-group-is-layout-ce155fab wp-block-group-is-layout-flex\">\n<h2 class=\"wp-block-heading has-text-align-left has-base-2-color has-text-color has-link-color has-xx-large-font-size wp-elements-06cb6b9792d80217d456db65fd83fabf\">\u00ab\u00a0Un nouvel espoir\u00a0\u00bb<\/h2>\n\n\n\n<ul class=\"wp-block-list\">\n<li><a href=\"#scolaire\">Le scolaire<\/a><\/li>\n\n\n\n<li><a href=\"#ecole\">L&rsquo;\u00e9cole<\/a><\/li>\n\n\n\n<li><a href=\"#cite\">Revalorisation, puis destruction des cit\u00e9s<\/a><\/li>\n\n\n\n<li>Justice envers les politiciens<\/li>\n\n\n\n<li>Politique<\/li>\n\n\n\n<li>Retraites<\/li>\n\n\n\n<li>Renouveau de l\u2019h\u00f4pital<\/li>\n\n\n\n<li>Sant\u00e9<\/li>\n\n\n\n<li>Repeuplement des villes<\/li>\n\n\n\n<li>Autonomie de la France<\/li>\n\n\n\n<li>Renaissance de la SNCF<\/li>\n\n\n\n<li>Police<\/li>\n\n\n\n<li>Code de la route<\/li>\n\n\n\n<li>Devenir le num\u00e9ro un des alternatives aux produits polluants<\/li>\n\n\n\n<li>Aides publique aux grandes entreprises<\/li>\n\n\n\n<li>DOM-TOM<\/li>\n\n\n\n<li>L\u00e9galisation du cannabis<\/li>\n\n\n\n<li>L\u00e9galisation de la prostitution<\/li>\n<\/ul>\n<\/div>\n\n\n\n<div style=\"height:var(--wp--preset--spacing--30)\" aria-hidden=\"true\" class=\"wp-block-spacer\"><\/div>\n<\/div>\n\n\n\n<div class=\"wp-block-group alignfull has-global-padding is-content-justification-center is-layout-constrained wp-container-core-group-is-layout-07713731 wp-block-group-is-layout-constrained\" style=\"margin-top:0;margin-bottom:0;padding-top:var(--wp--preset--spacing--50);padding-right:var(--wp--preset--spacing--50);padding-bottom:var(--wp--preset--spacing--50);padding-left:var(--wp--preset--spacing--50)\">\n<div class=\"wp-block-group is-vertical is-content-justification-center is-layout-flex wp-container-core-group-is-layout-ce155fab wp-block-group-is-layout-flex\">\n<h2 class=\"wp-block-heading has-text-align-left has-xx-large-font-size\" id=\"scolaire\">Le scolaire<\/h2>\n\n\n\n<p class=\"has-text-align-left\">Nous mettrons en place une convention citoyenne pour pr\u00e9parer un programme scolaire qui prendra en compte la fa\u00e7on d&rsquo;apprendre \u00ab\u00a0\u00e0 l&rsquo;ancienne\u00a0\u00bb, style \u00ab\u00a0ann\u00e9es 50\u00a0\u00bb, proposant un meilleur apprentissage scolaire.<\/p>\n\n\n\n<p class=\"has-text-align-left\">Bien sur, celui-ci incorpora les nouvelles technologies qui sont importantes \u00e0 connaitre de nos jours, mais l&rsquo;apprentissage de toutes les mati\u00e8res se fera hors \u00e9cran. Il est important que nous apprenions \u00e0 nos enfants \u00e0 limiter le temps d&rsquo;\u00e9cran et cette coh\u00e9rence se fera aussi pendant l&rsquo;apprentissage \u00e0 l&rsquo;\u00e9cole, comme \u00e0 la maison.<\/p>\n\n\n\n<p>La convention citoyenne en charge d&rsquo;un programme scolaire \u00e0 nouveau complet devra incorporer des cours compl\u00e9mentaires, suivant la classe de l&rsquo;enfant o\u00f9 il pourra apprendre la cuisine, l&rsquo;administratif, la couture, la sexualit\u00e9 de base (sujets permettant de combattre les abus sexuels, la compr\u00e9hension des films pornographiques, la protection, les r\u00e8gles jusqu&rsquo;\u00e0 la m\u00e9nopause, des sujets important dans une vie sexuelle positive), l&rsquo;\u00e9ducation des enfants, la psychologie de base, le comportement envers tous les animaux et des cours de self d\u00e9fense.<\/p>\n\n\n\n<p>Le th\u00e9\u00e2tre et la musique auront une part plus importante \u00e0 l&rsquo;\u00e9cole qui seront accompagn\u00e9 de toutes autres formes de culture.<\/p>\n<\/div>\n\n\n\n<div style=\"height:var(--wp--preset--spacing--30)\" aria-hidden=\"true\" class=\"wp-block-spacer\"><\/div>\n<\/div>\n\n\n\n<div class=\"wp-block-group alignfull has-base-2-color has-accent-4-background-color has-text-color has-background has-link-color wp-elements-258a9a9aada1522d1367ac0af932756e has-global-padding is-layout-constrained wp-container-core-group-is-layout-669513ed wp-block-group-is-layout-constrained\" style=\"margin-top:0;margin-bottom:0;padding-top:var(--wp--preset--spacing--50);padding-right:var(--wp--preset--spacing--50);padding-bottom:var(--wp--preset--spacing--50);padding-left:var(--wp--preset--spacing--50)\">\n<div class=\"wp-block-group is-vertical is-content-justification-center is-layout-flex wp-container-core-group-is-layout-ce155fab wp-block-group-is-layout-flex\">\n<h2 class=\"wp-block-heading has-text-align-left has-base-2-color has-text-color has-link-color has-xx-large-font-size wp-elements-e586d1d704aaa2def5792c9ba2049c87\" id=\"ecole\">L&rsquo;\u00e9cole<\/h2>\n\n\n\n<p class=\"has-text-align-left\">Ce nouveau programme scolaire ira de paire avec un nouvel apprentissage des enseignants actuels et qui sera la norme pour tout nouvel instituteur en maternelle, tout comme dans le primaire ou le secondaire.<\/p>\n\n\n\n<p>La psychologie et la fermet\u00e9 sera aussi comprise dans cet apprentissage pour mieux comprendre chaque enfant autant que possible et \u00e9viter que tout nouvel enseignant se sente d\u00e9bord\u00e9.<\/p>\n\n\n\n<p>Un suivi pour l&rsquo;aider sera compris tout au long de sa carri\u00e8re, aide psychologique inclus. Cet aide permettra aussi d\u2019aider le professeur n&rsquo;arrivant pas \u00e0 canaliser sa classe si un enfant ou plusieurs ne rentre pas dans sa capacit\u00e9 \u00e0 le comprendre. Chaque enfant est unique, chaque cas est unique et le r\u00f4le de ces psychologues sera de permettre aux professeurs de ce concentrer sur l&rsquo;apprentissage de l\u2019\u00e9l\u00e8ve, sans que ce dernier puisse \u00eatre mis de c\u00f4t\u00e9.<\/p>\n\n\n\n<p>Tout ceci s&rsquo;accompagnera d&rsquo;une revalorisation salariale et de permettre \u00e0 chaque personne voulant enseigner, de le faire dans les meilleurs conditions possibles et permettre \u00e0 chaque \u00e9l\u00e8ve d&rsquo;apprendre dans des conditions optimales pour devenir des adultes le plus complet possible.<\/p>\n\n\n\n<p>La remise aux normes des \u00e9coles publiques fran\u00e7aises sera une priorit\u00e9 lors de ce quinquennat. Un apprentissage n&rsquo;est pas possible dans des locaux insalubres, d\u00e9grad\u00e9s.<\/p>\n\n\n\n<p>Pour permettre tout ceci, l&rsquo;\u00e9tat devra malheureusement faire des choix \u00e0 contre c\u0153ur et les financements actuels des \u00e9coles priv\u00e9es ne sera plus possible pour permettre la priorit\u00e9 aux \u00e9coles de la r\u00e9publique qui d\u00e9pendent des imp\u00f4ts de nos compatriotes. L&rsquo;\u00e9tat se concentrera sur son programme, ainsi que ses b\u00e2timents. Lorsque ces changements effectu\u00e9s le permettrons, l&rsquo;\u00e9tat s&rsquo;engagera \u00e0 aider \u00e0 nouveau financi\u00e8rement les \u00e9coles priv\u00e9s, tout en priorisant toujours son syst\u00e8me scolaire publique.<\/p>\n<\/div>\n\n\n\n<div style=\"height:var(--wp--preset--spacing--30)\" aria-hidden=\"true\" class=\"wp-block-spacer\"><\/div>\n<\/div>\n\n\n\n<div class=\"wp-block-group alignfull has-global-padding is-content-justification-center is-layout-constrained wp-container-core-group-is-layout-07713731 wp-block-group-is-layout-constrained\" style=\"margin-top:0;margin-bottom:0;padding-top:var(--wp--preset--spacing--50);padding-right:var(--wp--preset--spacing--50);padding-bottom:var(--wp--preset--spacing--50);padding-left:var(--wp--preset--spacing--50)\">\n<div class=\"wp-block-group is-vertical is-content-justification-center is-layout-flex wp-container-core-group-is-layout-ce155fab wp-block-group-is-layout-flex\">\n<h2 class=\"wp-block-heading has-text-align-left has-xx-large-font-size\" id=\"cite\">Revalorisation,<br>puis destruction des cit\u00e9s<\/h2>\n\n\n\n<p class=\"has-text-align-left\">Ce changement se fera en deux \u00e9tapes.<\/p>\n\n\n\n<p class=\"has-text-align-left\">Les cit\u00e9s se verront, dans un premier temps, remettre des lieux de vies et de protection. Des lieux de jeux pour les enfants, mais aussi des maisons de quartiers pour les plus grands. Il y aura aussi, \u00e0 nouveau, des activit\u00e9s sportives, sorties, etc encadr\u00e9 par des policiers, des gendarmes pour r\u00e9tablir un lien entre ces deux c\u00f4t\u00e9s.<\/p>\n\n\n\n<p class=\"has-text-align-left\">Niveau protection, des commissariats de quartier, de proximit\u00e9 seront red\u00e9ploy\u00e9 avec des policiers \u00e0 nouveau dans les rues pour s\u00e9curiser un maximum ces endroits. Suivant les risques possible envers la police national, celle-ci sera \u00e9quip\u00e9 en cons\u00e9quences pour leur protection. Les commissariats seront prot\u00e9g\u00e9s, mais ouvert 24\/7.<\/p>\n\n\n\n<p class=\"has-text-align-left\">Pour les b\u00e2timents n&rsquo;ayant pas fait cette modifications, toutes les caves, de tous les b\u00e2timents, tours HLM , etc seront condamn\u00e9s d\u00e9finitivement.<\/p>\n<\/div>\n\n\n\n<div style=\"height:var(--wp--preset--spacing--30)\" aria-hidden=\"true\" class=\"wp-block-spacer\"><\/div>\n<\/div>\n\n\n\n<div class=\"wp-block-group alignfull has-base-2-color has-accent-4-background-color has-text-color has-background has-link-color wp-elements-258a9a9aada1522d1367ac0af932756e has-global-padding is-layout-constrained wp-container-core-group-is-layout-669513ed wp-block-group-is-layout-constrained\" style=\"margin-top:0;margin-bottom:0;padding-top:var(--wp--preset--spacing--50);padding-right:var(--wp--preset--spacing--50);padding-bottom:var(--wp--preset--spacing--50);padding-left:var(--wp--preset--spacing--50)\">\n<div class=\"wp-block-group is-vertical is-content-justification-center is-layout-flex wp-container-core-group-is-layout-ce155fab wp-block-group-is-layout-flex\">\n<h2 class=\"wp-block-heading has-text-align-left has-base-2-color has-text-color has-link-color has-xx-large-font-size wp-elements-e586d1d704aaa2def5792c9ba2049c87\" id=\"ecole\">L&rsquo;\u00e9cole<\/h2>\n\n\n\n<p class=\"has-text-align-left\">Ce nouveau programme scolaire ira de paire avec un nouvel apprentissage des enseignants actuels et qui sera la norme pour tout nouvel instituteur en maternelle, tout comme dans le primaire ou le secondaire.<\/p>\n\n\n\n<p>La psychologie et la fermet\u00e9 sera aussi comprise dans cet apprentissage pour mieux comprendre chaque enfant autant que possible et \u00e9viter que tout nouvel enseignant se sente d\u00e9bord\u00e9.<\/p>\n\n\n\n<p>Un suivi pour l&rsquo;aider sera compris tout au long de sa carri\u00e8re, aide psychologique inclus. Cet aide permettra aussi d\u2019aider le professeur n&rsquo;arrivant pas \u00e0 canaliser sa classe si un enfant ou plusieurs ne rentre pas dans sa capacit\u00e9 \u00e0 le comprendre. Chaque enfant est unique, chaque cas est unique et le r\u00f4le de ces psychologues sera de permettre aux professeurs de ce concentrer sur l&rsquo;apprentissage de l\u2019\u00e9l\u00e8ve, sans que ce dernier puisse \u00eatre mis de c\u00f4t\u00e9.<\/p>\n\n\n\n<p>Tout ceci s&rsquo;accompagnera d&rsquo;une revalorisation salariale et de permettre \u00e0 chaque personne voulant enseigner, de le faire dans les meilleurs conditions possibles et permettre \u00e0 chaque \u00e9l\u00e8ve d&rsquo;apprendre dans des conditions optimales pour devenir des adultes le plus complet possible.<\/p>\n\n\n\n<p>La remise aux normes des \u00e9coles publiques fran\u00e7aises sera une priorit\u00e9 lors de ce quinquennat. Un apprentissage n&rsquo;est pas possible dans des locaux insalubres, d\u00e9grad\u00e9s.<\/p>\n\n\n\n<p>Pour permettre tout ceci, l&rsquo;\u00e9tat devra malheureusement faire des choix \u00e0 contre c\u0153ur et les financements actuels des \u00e9coles priv\u00e9es ne sera plus possible pour permettre la priorit\u00e9 aux \u00e9coles de la r\u00e9publique qui d\u00e9pendent des imp\u00f4ts de nos compatriotes. L&rsquo;\u00e9tat se concentrera sur son programme, ainsi que ses b\u00e2timents. Lorsque ces changements effectu\u00e9s le permettrons, l&rsquo;\u00e9tat s&rsquo;engagera \u00e0 aider \u00e0 nouveau financi\u00e8rement les \u00e9coles priv\u00e9s, tout en priorisant toujours son syst\u00e8me scolaire publique.<\/p>\n<\/div>\n\n\n\n<div style=\"height:var(--wp--preset--spacing--30)\" aria-hidden=\"true\" class=\"wp-block-spacer\"><\/div>\n<\/div>\n","protected":false},"excerpt":{"rendered":"<p>\u00ab\u00a0Un nouvel espoir\u00a0\u00bb Le scolaire Nous mettrons en place une convention citoyenne pour pr\u00e9parer un programme scolaire qui prendra en compte la fa\u00e7on d&rsquo;apprendre \u00ab\u00a0\u00e0 l&rsquo;ancienne\u00a0\u00bb, style \u00ab\u00a0ann\u00e9es 50\u00a0\u00bb, proposant un meilleur apprentissage scolaire. Bien sur, celui-ci incorpora les nouvelles technologies qui sont importantes \u00e0 connaitre de nos jours, mais l&rsquo;apprentissage de toutes les mati\u00e8res [&hellip;]<\/p>\n","protected":false},"author":1,"featured_media":0,"parent":0,"menu_order":0,"comment_status":"closed","ping_status":"closed","template":"","meta":{"footnotes":""},"class_list":["post-44","page","type-page","status-publish","hentry"],"_links":{"self":[{"href":"https:\/\/tripler.fr\/index.php\/wp-json\/wp\/v2\/pages\/44","targetHints":{"allow":["GET"]}}],"collection":[{"href":"https:\/\/tripler.fr\/index.php\/wp-json\/wp\/v2\/pages"}],"about":[{"href":"https:\/\/tripler.fr\/index.php\/wp-json\/wp\/v2\/types\/page"}],"author":[{"embeddable":true,"href":"https:\/\/tripler.fr\/index.php\/wp-json\/wp\/v2\/users\/1"}],"replies":[{"embeddable":true,"href":"https:\/\/tripler.fr\/index.php\/wp-json\/wp\/v2\/comments?post=44"}],"version-history":[{"count":6,"href":"https:\/\/tripler.fr\/index.php\/wp-json\/wp\/v2\/pages\/44\/revisions"}],"predecessor-version":[{"id":51,"href":"https:\/\/tripler.fr\/index.php\/wp-json\/wp\/v2\/pages\/44\/revisions\/51"}],"wp:attachment":[{"href":"https:\/\/tripler.fr\/index.php\/wp-json\/wp\/v2\/media?parent=44"}],"curies":[{"name":"wp","href":"https:\/\/api.w.org\/{rel}","templated":true}]}}